{"id":65,"date":"2018-08-31T15:31:04","date_gmt":"2018-08-31T13:31:04","guid":{"rendered":"http:\/\/www.afl85.org\/fr\/?page_id=65"},"modified":"2020-07-22T16:50:09","modified_gmt":"2020-07-22T14:50:09","slug":"adherer","status":"publish","type":"page","link":"https:\/\/www.afl85.org\/fr\/adherer\/","title":{"rendered":"Adh\u00e9rer"},"content":{"rendered":"<p>Pour t\u00e9l\u00e9charger votre formulaire <a href=\"http:\/\/www.afl85.org\/fr\/wp-content\/uploads\/2018\/10\/adhesion85.pdf\">d&rsquo;adh\u00e9sion cliquez ici<\/a><\/p>\n<p>Pour faire votre demande directement en ligne, utilisez le formulaire ci-dessous :<\/p>\n<p><iframe id=\"haWidget\" allowtransparency=\"true\" scrolling=\"auto\" src=\"https:\/\/www.helloasso.com\/associations\/conseil-departemental-des-associations-familiales-laiques\/adhesions\/adhesion-a-une-association-familiale-laique-en-vendee-2\/widget\" style=\"width:100%;height:750px;border:none;\" onload=\"window.scroll(0, this.offsetTop)\"><\/iframe><\/p>\n<div style=\"width:100%;text-align:center;\">Propuls\u00e9 par <a href=\"https:\/\/www.helloasso.com\" rel=\"nofollow\">HelloAsso<\/a><\/div>\n","protected":false},"excerpt":{"rendered":"<p>Pour t\u00e9l\u00e9charger votre formulaire d&rsquo;adh\u00e9sion cliquez ici Pour faire votre demande directement en ligne, utilisez le formulaire ci-dessous : Propuls\u00e9 par HelloAsso<\/p>\n","protected":false},"author":1,"featured_media":0,"parent":0,"menu_order":0,"comment_status":"closed","ping_status":"closed","template":"","meta":{"footnotes":""},"class_list":["post-65","page","type-page","status-publish","hentry"],"_links":{"self":[{"href":"https:\/\/www.afl85.org\/fr\/wp-json\/wp\/v2\/pages\/65","targetHints":{"allow":["GET"]}}],"collection":[{"href":"https:\/\/www.afl85.org\/fr\/wp-json\/wp\/v2\/pages"}],"about":[{"href":"https:\/\/www.afl85.org\/fr\/wp-json\/wp\/v2\/types\/page"}],"author":[{"embeddable":true,"href":"https:\/\/www.afl85.org\/fr\/wp-json\/wp\/v2\/users\/1"}],"replies":[{"embeddable":true,"href":"https:\/\/www.afl85.org\/fr\/wp-json\/wp\/v2\/comments?post=65"}],"version-history":[{"count":7,"href":"https:\/\/www.afl85.org\/fr\/wp-json\/wp\/v2\/pages\/65\/revisions"}],"predecessor-version":[{"id":160,"href":"https:\/\/www.afl85.org\/fr\/wp-json\/wp\/v2\/pages\/65\/revisions\/160"}],"wp:attachment":[{"href":"https:\/\/www.afl85.org\/fr\/wp-json\/wp\/v2\/media?parent=65"}],"curies":[{"name":"wp","href":"https:\/\/api.w.org\/{rel}","templated":true}]}}