{"id":127,"date":"2019-05-19T12:22:49","date_gmt":"2019-05-19T10:22:49","guid":{"rendered":"http:\/\/www.afl85.org\/fr\/?page_id=127"},"modified":"2019-05-20T09:27:49","modified_gmt":"2019-05-20T07:27:49","slug":"mentions-legales","status":"publish","type":"page","link":"https:\/\/www.afl85.org\/fr\/mentions-legales\/","title":{"rendered":"Mentions l\u00e9gales"},"content":{"rendered":"<div class=\"entry-content clearfix\">\n<h2>Informations \u00e9ditoriales<\/h2>\n<p><strong>\u00c9diteur<\/strong><\/p>\n<p><strong>CONSEIL D\u00c9PARTEMENTAL DES ASSOCIATIONS FAMILIALES LA\u00cfQUES de Vend\u00e9e dit CDAFAL85 &#8211; Conseil Jean Luc AVIDE<\/strong><\/p>\n<p>41 rue Monge &#8211; 85000 La Roche-sur-Yon<\/p>\n<p><strong>Directeur de publication<\/strong><\/p>\n<p>Yolande Burneleau, Pr\u00e9sidente<\/p>\n<p><strong>Contact<\/strong><\/p>\n<p>L\u2019Association vous offre la possibilit\u00e9 de correspondre avec elle. Si vous souhaitez \u00e9changer ou trouver le bon interlocuteur, veuillez nous contacter \u00e0 l\u2019adresse mail suivante: <a href=\"mailto:cd@afl85.org\">cd@afl85.org<\/a><\/p>\n<p>&nbsp;<\/p>\n<h2>Protection et traitement de donn\u00e9es \u00e0 caract\u00e8re personnel<\/h2>\n<p><strong>Respect des lois en vigueur<\/strong><\/p>\n<p>Le site <a href=\"http:\/\/www.afl85.org\">http:\/\/www.afl85.org<\/a> respecte la vie priv\u00e9e de l\u2019internaute et se conforme strictement aux lois en vigueur sur la protection de la vie priv\u00e9e et des libert\u00e9s individuelles. Aucune information personnelle n\u2019est collect\u00e9e \u00e0 votre insu. Aucune information personnelle n\u2019est c\u00e9d\u00e9e \u00e0 des tiers. Les courriels, les adresses \u00e9lectroniques ou autres informations nominatives dont ce site est destinataire ne font l\u2019objet d\u2019aucune exploitation et ne sont conserv\u00e9s que pour la dur\u00e9e n\u00e9cessaire \u00e0 leur traitement.<\/p>\n<p><strong>Droit des internautes\u00a0: droit d\u2019acc\u00e8s et de rectification<\/strong><\/p>\n<p>Conform\u00e9ment aux dispositions de la loi n\u00b078-17 du 6 janvier 1978 relative \u00e0 l\u2019informatique, aux fichiers et aux libert\u00e9s, les internautes disposent d\u2019un droit d\u2019acc\u00e8s, de modification, de rectification et de suppression des donn\u00e9es qui les concernent. Ce droit s\u2019exerce par voie postale, en justifiant de son identit\u00e9, \u00e0 l\u2019adresse suivante\u00a0:<\/p>\n<p>CDAFAL85 &#8211; 41 rue Monge &#8211; 85000 La Roche-sur-Yon<\/p>\n<p>&nbsp;<\/p>\n<h2>H\u00e9bergeur<\/h2>\n<p>L\u2019h\u00e9bergeur du site est OVH<\/p>\n<p>dont le si\u00e8ge social est situ\u00e9 5 rue Kellermann\u00a0 59100 Roubaix<\/p>\n<p>&nbsp;<\/p>\n<p>&nbsp;<\/p>\n<h2>Responsabilit\u00e9 face aux liens vers d\u2019autres sites<\/h2>\n<p>Le site afl85.org propose de nombreux liens vers d\u2019autres sites : fran\u00e7ais pour la plupart, officiels (gouvernement, institutions, organismes publics, etc.) d\u2019associations, d\u2019organismes professionnels du secteur \u00e9ducatif ou d\u2019entreprises partenaires sur des op\u00e9rations ponctuelles.<\/p>\n<p>Ces pages ne font pas partie du site afl85.org elles n\u2019engagent pas la responsabilit\u00e9 de la r\u00e9daction du site qui ne peut \u00eatre tenue pour responsable des contenus vers lesquels ces liens vous dirigent. Ces liens ne visent qu\u2019\u00e0 permettre \u00e0 l\u2019internaute d\u2019acc\u00e9der plus facilement \u00e0 d\u2019autres ressources documentaires sur le sujet consult\u00e9.<\/p>\n<\/div>\n","protected":false},"excerpt":{"rendered":"<p>Informations \u00e9ditoriales \u00c9diteur CONSEIL D\u00c9PARTEMENTAL DES ASSOCIATIONS FAMILIALES LA\u00cfQUES de Vend\u00e9e dit CDAFAL85 &#8211; Conseil Jean Luc AVIDE 41 rue Monge &#8211; 85000 La Roche-sur-Yon Directeur de publication Yolande Burneleau, Pr\u00e9sidente Contact L\u2019Association vous offre la possibilit\u00e9 de correspondre avec elle. Si vous souhaitez \u00e9changer ou trouver le bon interlocuteur, veuillez nous contacter \u00e0 l\u2019adresse&hellip; <br \/> <a class=\"button small blue\" href=\"https:\/\/www.afl85.org\/fr\/mentions-legales\/\">Lire la suite<\/a><\/p>\n","protected":false},"author":1,"featured_media":0,"parent":0,"menu_order":0,"comment_status":"closed","ping_status":"closed","template":"","meta":{"footnotes":""},"class_list":["post-127","page","type-page","status-publish","hentry"],"_links":{"self":[{"href":"https:\/\/www.afl85.org\/fr\/wp-json\/wp\/v2\/pages\/127","targetHints":{"allow":["GET"]}}],"collection":[{"href":"https:\/\/www.afl85.org\/fr\/wp-json\/wp\/v2\/pages"}],"about":[{"href":"https:\/\/www.afl85.org\/fr\/wp-json\/wp\/v2\/types\/page"}],"author":[{"embeddable":true,"href":"https:\/\/www.afl85.org\/fr\/wp-json\/wp\/v2\/users\/1"}],"replies":[{"embeddable":true,"href":"https:\/\/www.afl85.org\/fr\/wp-json\/wp\/v2\/comments?post=127"}],"version-history":[{"count":3,"href":"https:\/\/www.afl85.org\/fr\/wp-json\/wp\/v2\/pages\/127\/revisions"}],"predecessor-version":[{"id":133,"href":"https:\/\/www.afl85.org\/fr\/wp-json\/wp\/v2\/pages\/127\/revisions\/133"}],"wp:attachment":[{"href":"https:\/\/www.afl85.org\/fr\/wp-json\/wp\/v2\/media?parent=127"}],"curies":[{"name":"wp","href":"https:\/\/api.w.org\/{rel}","templated":true}]}}